{"id":4535,"date":"2025-03-19T11:52:06","date_gmt":"2025-03-19T10:52:06","guid":{"rendered":"https:\/\/www.optistar.es\/?post_type=product&#038;p=4535"},"modified":"2025-10-27T05:22:22","modified_gmt":"2025-10-27T04:22:22","slug":"systane-complete-alcon","status":"publish","type":"product","link":"https:\/\/www.optistar.es\/en\/product\/systane-complete-alcon\/","title":{"rendered":"Systane Complete Alcon"},"content":{"rendered":"<p>Son muchos los beneficios de utilizar Systane Complete, gotas lubricantes, pues son ideales para quienes sufren de ojos secos. Estas son algunas de sus ventajas:<\/p>\n<ul>\n<li>Proporcionan una r\u00e1pida hidrataci\u00f3n<\/li>\n<li>Cuentan con protecci\u00f3n contra la evaporaci\u00f3n lagrimal.<\/li>\n<li>Alivio duradero.<\/li>\n<li>Mantienen la integridad de la pel\u00edcula lagrimal y act\u00faan sobre todas las capas de la l\u00e1grima.<\/li>\n<li>Mayor tiempo de retenci\u00f3n.<\/li>\n<li>Son gotas aptas para todo tipo de ojos secos.<\/li>\n<\/ul>\n<h3>\u00bfQu\u00e9 es el ojo seco?<\/h3>\n<p>El\u00a0 ojo seco, se produce b\u00e1sicamente por una falta de lubricaci\u00f3n sobre la superficie del ojo. Esta falta de lubricaci\u00f3n generalmente se traduce en una irritaci\u00f3n ocular leve, pero en algunos casos puede desembocar en una inflamaci\u00f3n significativa. Los s\u00edntomas que manifiestan aquellos que sufren de ojo seco pueden abarcar desde una sensaci\u00f3n de sequedad, ojos rojos, sensaci\u00f3n de sequedad, visi\u00f3n borrosa e incluso la sensaci\u00f3n de que se haya metido en el ojo alg\u00fan cuerpo extra\u00f1o procedente del ambiente. El uso de l\u00e1grimas artificiales como Systane Complete ayuda a reducir de forma significativa los efectos del s\u00edndrome de ojo seco.<\/p>\n<h2>Recomendaciones de uso de Systane Complete<\/h2>\n<p>Estas gotas oft\u00e1lmicas liberan en el ojo peque\u00f1as cantidades de l\u00edpido, de tama\u00f1o nanom\u00e9trico que brindan alivio a la vista, hidratan y restauran la capa lagrimal. Deben ser agitadas bien antes de usarse y pueden utilizarse antes de colocar las lentes de contacto y despu\u00e9s de retirarlas.<\/p>\n<p>No utilice Systane Complete en caso de que el precinto de seguridad est\u00e1 deteriorado, no exista, o si el tap\u00f3n de seguridad est\u00e1 da\u00f1ado.<\/p>\n<p>Puede utilizarse hasta 3 meses despu\u00e9s de la primera apertura. Desechar la emulsi\u00f3n no utilizada transcurridos 3 meses desde la primera apertura.<\/p>\n<h2>Composici\u00f3n<\/h2>\n<button class=\"timify-button\" data-account-id=\"5f58bcb99d3fd111af93bfcd\">MAKE AN APPOINTMENT<\/button>","protected":false},"excerpt":{"rendered":"<p>Systane Complete son gotas oft\u00e1lmicas lubricantes, con una f\u00f3rmula revolucionaria que alivia, hidrata y ayuda a humectar los ojos. Este producto de los laboratorios Alcon y que cuenta con textura de emulsi\u00f3n, es apto para personas que utilizan lentes de contacto, brind\u00e1ndoles a los ojos comodidad duradera.<\/p>\n<h2><\/h2>","protected":false},"featured_media":4536,"template":"","meta":{"neve_meta_sidebar":"","neve_meta_container":"","neve_meta_enable_content_width":"off","neve_meta_content_width":100,"neve_meta_title_alignment":"","neve_meta_author_avatar":"","neve_post_elements_order":"","neve_meta_disable_header":"","neve_meta_disable_footer":"","neve_meta_disable_title":"","_themeisle_gutenberg_block_has_review":false,"_joinchat":[]},"product_brand":[],"product_cat":[31,33],"product_tag":[354,314],"class_list":{"0":"post-4535","1":"product","2":"type-product","3":"status-publish","4":"has-post-thumbnail","6":"product_cat-liquidos","7":"product_cat-salud-ocular","8":"product_tag-ojo-irritado","9":"product_tag-ojo-seco","11":"first","12":"instock","13":"taxable","14":"shipping-taxable","15":"purchasable","16":"product-type-simple"},"_links":{"self":[{"href":"https:\/\/www.optistar.es\/en\/wp-json\/wp\/v2\/product\/4535","targetHints":{"allow":["GET"]}}],"collection":[{"href":"https:\/\/www.optistar.es\/en\/wp-json\/wp\/v2\/product"}],"about":[{"href":"https:\/\/www.optistar.es\/en\/wp-json\/wp\/v2\/types\/product"}],"wp:featuredmedia":[{"embeddable":true,"href":"https:\/\/www.optistar.es\/en\/wp-json\/wp\/v2\/media\/4536"}],"wp:attachment":[{"href":"https:\/\/www.optistar.es\/en\/wp-json\/wp\/v2\/media?parent=4535"}],"wp:term":[{"taxonomy":"product_brand","embeddable":true,"href":"https:\/\/www.optistar.es\/en\/wp-json\/wp\/v2\/product_brand?post=4535"},{"taxonomy":"product_cat","embeddable":true,"href":"https:\/\/www.optistar.es\/en\/wp-json\/wp\/v2\/product_cat?post=4535"},{"taxonomy":"product_tag","embeddable":true,"href":"https:\/\/www.optistar.es\/en\/wp-json\/wp\/v2\/product_tag?post=4535"}],"curies":[{"name":"wp","href":"https:\/\/api.w.org\/{rel}","templated":true}]}}