{"id":4539,"date":"2025-03-19T12:45:18","date_gmt":"2025-03-19T11:45:18","guid":{"rendered":"https:\/\/www.optistar.es\/?post_type=product&#038;p=4539"},"modified":"2025-10-28T22:43:42","modified_gmt":"2025-10-28T21:43:42","slug":"systane-ultra-plus-hidratacion-md-10ml-alcon","status":"publish","type":"product","link":"https:\/\/www.optistar.es\/en\/product\/systane-ultra-plus-hidratacion-md-10ml-alcon\/","title":{"rendered":"Systane Ultra Plus Hidrataci\u00f3n MD 10ml Alcon"},"content":{"rendered":"<h2>BENEFICIOS DEL PRODUCTO<\/h2>\n<p>\u2022 Doble acci\u00f3n sobre la superficie ocular<\/p>\n<p>\u2022 Mejor tasa de reepitelizaci\u00f3n de la c\u00f3rnea en comparaci\u00f3n con \u00e1cido hialur\u00f3nico (HA) aislado7, 15<\/p>\n<p>\u2022 2 veces m\u00e1s retenci\u00f3n de hidrataci\u00f3n en comparaci\u00f3n con las formulaciones s\u00f3lo con \u00e1cido hialur\u00f3nico<\/p>\n<p>\u2022 Tambi\u00e9n disponible en dosis \u00fanicas\u00a0<a href=\"https:\/\/www.optistar.es\/en\/product\/systane-ultra-plus-hidratacion-md-10ml-alcon\/\">Systane Hidrataci\u00f3n UD<\/a><\/p>\n<p>\u2022 Sin conservantes<\/p>\n<button class=\"timify-button\" data-account-id=\"5f58bcb99d3fd111af93bfcd\">MAKE AN APPOINTMENT<\/button>","protected":false},"excerpt":{"rendered":"<p><strong>Systane Hidrataci\u00f3n 10ml\u00a0<\/strong>es un tratamiento del ojo seco para el alivio temporal del ardor o irritaci\u00f3n debidos\u00a0 a la sequedad ocular.<\/p>","protected":false},"featured_media":4541,"template":"","meta":{"neve_meta_sidebar":"","neve_meta_container":"","neve_meta_enable_content_width":"off","neve_meta_content_width":100,"neve_meta_title_alignment":"","neve_meta_author_avatar":"","neve_post_elements_order":"","neve_meta_disable_header":"","neve_meta_disable_footer":"","neve_meta_disable_title":"","_themeisle_gutenberg_block_has_review":false,"_joinchat":[]},"product_brand":[],"product_cat":[31,33],"product_tag":[314],"class_list":{"0":"post-4539","1":"product","2":"type-product","3":"status-publish","4":"has-post-thumbnail","6":"product_cat-liquidos","7":"product_cat-salud-ocular","8":"product_tag-ojo-seco","10":"first","11":"instock","12":"taxable","13":"shipping-taxable","14":"purchasable","15":"product-type-simple"},"_links":{"self":[{"href":"https:\/\/www.optistar.es\/en\/wp-json\/wp\/v2\/product\/4539","targetHints":{"allow":["GET"]}}],"collection":[{"href":"https:\/\/www.optistar.es\/en\/wp-json\/wp\/v2\/product"}],"about":[{"href":"https:\/\/www.optistar.es\/en\/wp-json\/wp\/v2\/types\/product"}],"wp:featuredmedia":[{"embeddable":true,"href":"https:\/\/www.optistar.es\/en\/wp-json\/wp\/v2\/media\/4541"}],"wp:attachment":[{"href":"https:\/\/www.optistar.es\/en\/wp-json\/wp\/v2\/media?parent=4539"}],"wp:term":[{"taxonomy":"product_brand","embeddable":true,"href":"https:\/\/www.optistar.es\/en\/wp-json\/wp\/v2\/product_brand?post=4539"},{"taxonomy":"product_cat","embeddable":true,"href":"https:\/\/www.optistar.es\/en\/wp-json\/wp\/v2\/product_cat?post=4539"},{"taxonomy":"product_tag","embeddable":true,"href":"https:\/\/www.optistar.es\/en\/wp-json\/wp\/v2\/product_tag?post=4539"}],"curies":[{"name":"wp","href":"https:\/\/api.w.org\/{rel}","templated":true}]}}