{"id":4598,"date":"2025-10-31T17:40:00","date_gmt":"2025-10-31T16:40:00","guid":{"rendered":"https:\/\/www.optistar.es\/?post_type=product&#038;p=4598"},"modified":"2025-10-31T17:40:01","modified_gmt":"2025-10-31T16:40:01","slug":"hidro-health-rgp1-30ml-limpiador","status":"publish","type":"product","link":"https:\/\/www.optistar.es\/en\/product\/hidro-health-rgp1-30ml-limpiador\/","title":{"rendered":"HIDRO HEALTH RGP1 30ml LIMPIADOR"},"content":{"rendered":"<button class=\"timify-button\" data-account-id=\"5f58bcb99d3fd111af93bfcd\">MAKE AN APPOINTMENT<\/button>","protected":false},"excerpt":{"rendered":"<div class=\"col-md-6\">\n<div class=\"mt-5\">\n<p>Limpiador de superficie para lentes RGP que contiene s\u00edlice en suspensi\u00f3n. Se debe utilizar con Hidro Health RGP2 como sistema de aclarado y para conservar el producto antes de utilizar las lentes de nuevo.<\/p>\n<p><b>COMPOSICI\u00d3N:\u00a0<\/b>Lauril\u00e9ter sulfato s\u00f3dico, gel de s\u00edlice como s\u00f3lido limpiador en suspensi\u00f3n, edetato dis\u00f3dico 0,1%, polihexametil\u00e9n biguanida 0,001% en veh\u00edculo polim\u00e9rico tamponado.<\/p>\n<p><b><span> Laboratorio:\u00a0Disop<br \/>\nProducto:\u00a0R.G.P<br \/>\nTama\u00f1o:\u00a030 ml<\/span><\/b><\/p>\n<\/div>\n<\/div>\n<div id=\"product_details\" class=\"col-md-6\">\n<div class=\"o_not_editable\">\n<p id=\"product_attributes_simple\" class=\"text-muted\">\n<\/div>\n<\/div>","protected":false},"featured_media":4600,"template":"","meta":{"neve_meta_sidebar":"","neve_meta_container":"","neve_meta_enable_content_width":"off","neve_meta_content_width":100,"neve_meta_title_alignment":"","neve_meta_author_avatar":"","neve_post_elements_order":"","neve_meta_disable_header":"","neve_meta_disable_footer":"","neve_meta_disable_title":"","_themeisle_gutenberg_block_has_review":false,"_joinchat":[]},"product_brand":[],"product_cat":[31],"product_tag":[],"class_list":{"0":"post-4598","1":"product","2":"type-product","3":"status-publish","4":"has-post-thumbnail","6":"product_cat-liquidos","8":"first","9":"instock","10":"taxable","11":"shipping-taxable","12":"purchasable","13":"product-type-simple"},"_links":{"self":[{"href":"https:\/\/www.optistar.es\/en\/wp-json\/wp\/v2\/product\/4598","targetHints":{"allow":["GET"]}}],"collection":[{"href":"https:\/\/www.optistar.es\/en\/wp-json\/wp\/v2\/product"}],"about":[{"href":"https:\/\/www.optistar.es\/en\/wp-json\/wp\/v2\/types\/product"}],"wp:featuredmedia":[{"embeddable":true,"href":"https:\/\/www.optistar.es\/en\/wp-json\/wp\/v2\/media\/4600"}],"wp:attachment":[{"href":"https:\/\/www.optistar.es\/en\/wp-json\/wp\/v2\/media?parent=4598"}],"wp:term":[{"taxonomy":"product_brand","embeddable":true,"href":"https:\/\/www.optistar.es\/en\/wp-json\/wp\/v2\/product_brand?post=4598"},{"taxonomy":"product_cat","embeddable":true,"href":"https:\/\/www.optistar.es\/en\/wp-json\/wp\/v2\/product_cat?post=4598"},{"taxonomy":"product_tag","embeddable":true,"href":"https:\/\/www.optistar.es\/en\/wp-json\/wp\/v2\/product_tag?post=4598"}],"curies":[{"name":"wp","href":"https:\/\/api.w.org\/{rel}","templated":true}]}}