{"id":4601,"date":"2025-10-31T17:42:08","date_gmt":"2025-10-31T16:42:08","guid":{"rendered":"https:\/\/www.optistar.es\/?post_type=product&#038;p=4601"},"modified":"2025-10-31T17:42:08","modified_gmt":"2025-10-31T16:42:08","slug":"hidro-health-rgp2-100ml-conservador","status":"publish","type":"product","link":"https:\/\/www.optistar.es\/en\/product\/hidro-health-rgp2-100ml-conservador\/","title":{"rendered":"HIDRO HEALTH RGP2 100ml CONSERVADOR"},"content":{"rendered":"<button class=\"timify-button\" data-account-id=\"5f58bcb99d3fd111af93bfcd\">MAKE AN APPOINTMENT<\/button>","protected":false},"excerpt":{"rendered":"<p>Para conservar las lentes durante toda la noche, despu\u00e9s de haberlas limpiado con el limpiador Hidro Health RGP1.<\/p>\n<p><b>COMPOSICI\u00d3N:<\/b>\u00a0Hidroxipropilmetilcelulosa, poloxamer, edetato dis\u00f3dico 0,1% y polihexametilenbiguanida, 0,0004% en veh\u00edculo polim\u00e9rico isot\u00f3nico y tamponado.<\/p>\n<p>Laboratorio:\u00a0Disop<br \/>\nProducto:\u00a0R.G.P<br \/>\nTama\u00f1o:\u00a0100 ml<\/p>","protected":false},"featured_media":4599,"template":"","meta":{"neve_meta_sidebar":"","neve_meta_container":"","neve_meta_enable_content_width":"off","neve_meta_content_width":100,"neve_meta_title_alignment":"","neve_meta_author_avatar":"","neve_post_elements_order":"","neve_meta_disable_header":"","neve_meta_disable_footer":"","neve_meta_disable_title":"","_themeisle_gutenberg_block_has_review":false,"_joinchat":[]},"product_brand":[],"product_cat":[31],"product_tag":[],"class_list":{"0":"post-4601","1":"product","2":"type-product","3":"status-publish","4":"has-post-thumbnail","6":"product_cat-liquidos","8":"first","9":"instock","10":"taxable","11":"shipping-taxable","12":"purchasable","13":"product-type-simple"},"_links":{"self":[{"href":"https:\/\/www.optistar.es\/en\/wp-json\/wp\/v2\/product\/4601","targetHints":{"allow":["GET"]}}],"collection":[{"href":"https:\/\/www.optistar.es\/en\/wp-json\/wp\/v2\/product"}],"about":[{"href":"https:\/\/www.optistar.es\/en\/wp-json\/wp\/v2\/types\/product"}],"wp:featuredmedia":[{"embeddable":true,"href":"https:\/\/www.optistar.es\/en\/wp-json\/wp\/v2\/media\/4599"}],"wp:attachment":[{"href":"https:\/\/www.optistar.es\/en\/wp-json\/wp\/v2\/media?parent=4601"}],"wp:term":[{"taxonomy":"product_brand","embeddable":true,"href":"https:\/\/www.optistar.es\/en\/wp-json\/wp\/v2\/product_brand?post=4601"},{"taxonomy":"product_cat","embeddable":true,"href":"https:\/\/www.optistar.es\/en\/wp-json\/wp\/v2\/product_cat?post=4601"},{"taxonomy":"product_tag","embeddable":true,"href":"https:\/\/www.optistar.es\/en\/wp-json\/wp\/v2\/product_tag?post=4601"}],"curies":[{"name":"wp","href":"https:\/\/api.w.org\/{rel}","templated":true}]}}