{"id":4667,"date":"2026-05-04T13:14:48","date_gmt":"2026-05-04T11:14:48","guid":{"rendered":"https:\/\/www.optistar.es\/?post_type=product&#038;p=4667"},"modified":"2026-05-04T13:14:49","modified_gmt":"2026-05-04T11:14:49","slug":"oneill-ons-coast-2-0-107p","status":"publish","type":"product","link":"https:\/\/www.optistar.es\/en\/product\/oneill-ons-coast-2-0-107p\/","title":{"rendered":"O&#8217;Neill ONS Coast 2.0 107P"},"content":{"rendered":"<button class=\"timify-button\" data-account-id=\"5f58bcb99d3fd111af93bfcd\">MAKE AN APPOINTMENT<\/button>","protected":false},"excerpt":{"rendered":"<p>Abraza cada aventura con las gafas de sol O\u00b4NEILL Coast 2.0-107p. Experimenta el mundo en alta definici\u00f3n con lentes polarizadas avanzadas que eliminan el resplandor intenso, reducen la fatiga visual y mejoran el contraste de color. Perfectas para el agua, la carretera o la nieve, estas lentes de Categor\u00eda 3 ofrecen 100% de protecci\u00f3n UVA\/UVB para los d\u00edas m\u00e1s soleados. La montura ligera y duradera proporciona comodidad durante todo el d\u00eda para cualquier estilo de vida activo. Un dise\u00f1o unisex vers\u00e1til se completa con una llamativa lente Purple Flash, que ofrece un estilo moderno y seguro para cualquier estaci\u00f3n<\/p>","protected":false},"featured_media":4668,"template":"","meta":{"neve_meta_sidebar":"","neve_meta_container":"","neve_meta_enable_content_width":"off","neve_meta_content_width":100,"neve_meta_title_alignment":"","neve_meta_author_avatar":"","neve_post_elements_order":"","neve_meta_disable_header":"","neve_meta_disable_footer":"","neve_meta_disable_title":"","_themeisle_gutenberg_block_has_review":false,"_joinchat":[]},"product_brand":[],"product_cat":[28,29,257,258],"product_tag":[],"class_list":{"0":"post-4667","1":"product","2":"type-product","3":"status-publish","4":"has-post-thumbnail","6":"product_cat-hombre","7":"product_cat-mujer","8":"product_cat-sol","9":"product_cat-sol-hombre","11":"first","12":"instock","13":"taxable","14":"shipping-taxable","15":"purchasable","16":"product-type-simple"},"_links":{"self":[{"href":"https:\/\/www.optistar.es\/en\/wp-json\/wp\/v2\/product\/4667","targetHints":{"allow":["GET"]}}],"collection":[{"href":"https:\/\/www.optistar.es\/en\/wp-json\/wp\/v2\/product"}],"about":[{"href":"https:\/\/www.optistar.es\/en\/wp-json\/wp\/v2\/types\/product"}],"wp:featuredmedia":[{"embeddable":true,"href":"https:\/\/www.optistar.es\/en\/wp-json\/wp\/v2\/media\/4668"}],"wp:attachment":[{"href":"https:\/\/www.optistar.es\/en\/wp-json\/wp\/v2\/media?parent=4667"}],"wp:term":[{"taxonomy":"product_brand","embeddable":true,"href":"https:\/\/www.optistar.es\/en\/wp-json\/wp\/v2\/product_brand?post=4667"},{"taxonomy":"product_cat","embeddable":true,"href":"https:\/\/www.optistar.es\/en\/wp-json\/wp\/v2\/product_cat?post=4667"},{"taxonomy":"product_tag","embeddable":true,"href":"https:\/\/www.optistar.es\/en\/wp-json\/wp\/v2\/product_tag?post=4667"}],"curies":[{"name":"wp","href":"https:\/\/api.w.org\/{rel}","templated":true}]}}