{"id":694,"date":"2020-07-30T19:08:30","date_gmt":"2020-07-30T17:08:30","guid":{"rendered":"https:\/\/www.optistar.es\/?post_type=product&#038;p=694"},"modified":"2020-07-30T19:23:15","modified_gmt":"2020-07-30T17:23:15","slug":"dailies-aquacomfort-plus-multifocal-90-unid","status":"publish","type":"product","link":"https:\/\/www.optistar.es\/en\/product\/dailies-aquacomfort-plus-multifocal-90-unid\/","title":{"rendered":"DAILIES\u00ae AquaComfort Plus\u00ae MULTIFOCAL 90 unid"},"content":{"rendered":"<ul>\n<li>Con Tecnolog\u00eda de la Humectaci\u00f3n activada<br \/>\ncon el parpadeo para asegurar la estabilidad<br \/>\nlagrimal, permitiendo a los usuarios<br \/>\nexperimentar una comodidad refrescante<br \/>\ndesde el principio y hasta el final del d\u00eda<\/li>\n<li>\u00a0Dise\u00f1o Precision Profile que ofrece una<br \/>\ntransici\u00f3n suave y constante de cerca,<br \/>\nintermedia y lejos.<\/li>\n<li>Lente de contacto de reemplazo diario con<br \/>\nel mismo dise\u00f1o que las lentes multifocales<br \/>\npreferidas AIR OPTIX\u00ae AQUA MULTIFOCAL1<\/li>\n<li>\u00a0La superficie asf\u00e9rica anterior y la superficie<br \/>\nesf\u00e9rica posterior mejoran la calidad de la<br \/>\nimagen y optimizan la adaptaci\u00f3n<\/li>\n<\/ul>\n<button class=\"timify-button\" data-account-id=\"5f58bcb99d3fd111af93bfcd\">MAKE AN APPOINTMENT<\/button>","protected":false},"excerpt":{"rendered":"<p>Dise\u00f1ada para ofrecer una visi\u00f3n clara y n\u00edtida a todas las distancias<\/p>","protected":false},"featured_media":695,"template":"","meta":{"neve_meta_sidebar":"","neve_meta_container":"","neve_meta_enable_content_width":"off","neve_meta_content_width":0,"neve_meta_title_alignment":"","neve_meta_author_avatar":"","neve_post_elements_order":"","neve_meta_disable_header":"","neve_meta_disable_footer":"","neve_meta_disable_title":"","_themeisle_gutenberg_block_has_review":false,"_joinchat":[]},"product_brand":[],"product_cat":[116,30],"product_tag":[],"class_list":{"0":"post-694","1":"product","2":"type-product","3":"status-publish","4":"has-post-thumbnail","6":"product_cat-diarias","7":"product_cat-lentillas","9":"first","10":"instock","11":"taxable","12":"shipping-taxable","13":"purchasable","14":"product-type-variable","15":"has-default-attributes"},"_links":{"self":[{"href":"https:\/\/www.optistar.es\/en\/wp-json\/wp\/v2\/product\/694","targetHints":{"allow":["GET"]}}],"collection":[{"href":"https:\/\/www.optistar.es\/en\/wp-json\/wp\/v2\/product"}],"about":[{"href":"https:\/\/www.optistar.es\/en\/wp-json\/wp\/v2\/types\/product"}],"wp:featuredmedia":[{"embeddable":true,"href":"https:\/\/www.optistar.es\/en\/wp-json\/wp\/v2\/media\/695"}],"wp:attachment":[{"href":"https:\/\/www.optistar.es\/en\/wp-json\/wp\/v2\/media?parent=694"}],"wp:term":[{"taxonomy":"product_brand","embeddable":true,"href":"https:\/\/www.optistar.es\/en\/wp-json\/wp\/v2\/product_brand?post=694"},{"taxonomy":"product_cat","embeddable":true,"href":"https:\/\/www.optistar.es\/en\/wp-json\/wp\/v2\/product_cat?post=694"},{"taxonomy":"product_tag","embeddable":true,"href":"https:\/\/www.optistar.es\/en\/wp-json\/wp\/v2\/product_tag?post=694"}],"curies":[{"name":"wp","href":"https:\/\/api.w.org\/{rel}","templated":true}]}}