{"id":708,"date":"2020-07-31T17:46:01","date_gmt":"2020-07-31T15:46:01","guid":{"rendered":"https:\/\/www.optistar.es\/?post_type=product&#038;p=708"},"modified":"2021-11-03T10:41:41","modified_gmt":"2021-11-03T09:41:41","slug":"air-optix-plus-hydraglyde-multifocal-6-unid","status":"publish","type":"product","link":"https:\/\/www.optistar.es\/en\/product\/air-optix-plus-hydraglyde-multifocal-6-unid\/","title":{"rendered":"AIR OPTIX\u00ae plus HydraGlyde\u00ae MULTIFOCAL 6 unid"},"content":{"rendered":"<p>CARACTER\u00cdSTICAS BENEFICIOS<br \/>\n\u2022 Con Tecnolog\u00eda SmartShield\u2122 integrada en la<br \/>\nmatriz de la lente, protegi\u00e9ndola de los dep\u00f3sitos<br \/>\nlip\u00eddicos.<br \/>\n\u2022 Incorporando la Matriz Humectante HydraGlyde\u00ae<br \/>\nmejora la humectabilidad frente a AIR OPTIX\u00ae<br \/>\nAQUA Multifocal.<br \/>\n\u2022 Mismo dise\u00f1o de lente Precision Profile\u00ae utilizado en<br \/>\ntodas las lentes de contacto multifocales de Alcon\u00ae<br \/>\n\u2022 Tama\u00f1o \u00fanico de zona \u00f3ptica optimizado para un<br \/>\namplio rango de di\u00e1metros pupilares y potencia de<br \/>\nadici\u00f3n constante.<br \/>\n\u2022 Comodidad: mejor humectaci\u00f3n superficial y<br \/>\nlubricidad (coeficiente reducido de fricci\u00f3n)4,5<br \/>\nen comparaci\u00f3n con las lentes de contacto AIR<br \/>\nOPTIX\u00ae Aqua Multifocal<br \/>\n\u2022 Simplicidad: NO NECESITA READAPTACI\u00d3N<br \/>\npara los usuarios de AIR OPTIX\u00ae Multifocal<br \/>\n\u2022 Visi\u00f3n: Visi\u00f3n clara y n\u00edtida a todas las distancias.<\/p>\n<button class=\"timify-button\" data-account-id=\"5f58bcb99d3fd111af93bfcd\">MAKE AN APPOINTMENT<\/button>","protected":false},"excerpt":{"rendered":"<p>Lente de contacto multifocal con Matriz Humectante HydraGlyde\u00ae<\/p>","protected":false},"featured_media":711,"template":"","meta":{"neve_meta_sidebar":"","neve_meta_container":"","neve_meta_enable_content_width":"off","neve_meta_content_width":70,"neve_meta_title_alignment":"","neve_meta_author_avatar":"","neve_post_elements_order":"","neve_meta_disable_header":"","neve_meta_disable_footer":"","neve_meta_disable_title":"","_themeisle_gutenberg_block_has_review":false,"_joinchat":[]},"product_brand":[],"product_cat":[30,207],"product_tag":[],"class_list":{"0":"post-708","1":"product","2":"type-product","3":"status-publish","4":"has-post-thumbnail","6":"product_cat-lentillas","7":"product_cat-mensual","9":"first","10":"instock","11":"sale","12":"taxable","13":"shipping-taxable","14":"purchasable","15":"product-type-variable","16":"has-default-attributes"},"_links":{"self":[{"href":"https:\/\/www.optistar.es\/en\/wp-json\/wp\/v2\/product\/708","targetHints":{"allow":["GET"]}}],"collection":[{"href":"https:\/\/www.optistar.es\/en\/wp-json\/wp\/v2\/product"}],"about":[{"href":"https:\/\/www.optistar.es\/en\/wp-json\/wp\/v2\/types\/product"}],"wp:featuredmedia":[{"embeddable":true,"href":"https:\/\/www.optistar.es\/en\/wp-json\/wp\/v2\/media\/711"}],"wp:attachment":[{"href":"https:\/\/www.optistar.es\/en\/wp-json\/wp\/v2\/media?parent=708"}],"wp:term":[{"taxonomy":"product_brand","embeddable":true,"href":"https:\/\/www.optistar.es\/en\/wp-json\/wp\/v2\/product_brand?post=708"},{"taxonomy":"product_cat","embeddable":true,"href":"https:\/\/www.optistar.es\/en\/wp-json\/wp\/v2\/product_cat?post=708"},{"taxonomy":"product_tag","embeddable":true,"href":"https:\/\/www.optistar.es\/en\/wp-json\/wp\/v2\/product_tag?post=708"}],"curies":[{"name":"wp","href":"https:\/\/api.w.org\/{rel}","templated":true}]}}