{"id":728,"date":"2020-07-31T20:09:37","date_gmt":"2020-07-31T18:09:37","guid":{"rendered":"https:\/\/www.optistar.es\/?post_type=product&#038;p=728"},"modified":"2021-10-28T10:57:46","modified_gmt":"2021-10-28T08:57:46","slug":"c-fantasia-1-day-red-out-2pk-neutra","status":"publish","type":"product","link":"https:\/\/www.optistar.es\/en\/product\/c-fantasia-1-day-red-out-2pk-neutra\/","title":{"rendered":"C.FANTASIA 1 DAY RED OUT 2PK NEUTRA"},"content":{"rendered":"<button class=\"timify-button\" data-account-id=\"5f58bcb99d3fd111af93bfcd\">MAKE AN APPOINTMENT<\/button>","protected":false},"excerpt":{"rendered":"<p>Lente de contacto fantas\u00eda DIARIA.<br \/>\nEsta lente te dar\u00e1 un aspecto teatral y \u00fanico. Perfecto para discotecas, Halloween o fiestas de disfraces.<\/p>\n<p>Dos lentes de contacto blandas est\u00e9riles, 45% Polyhema ( Methafilcon ), 55% agua, en soluci\u00f3n salina tamponada. Radio 8.60 Di\u00e1metro 14.20<\/p>","protected":false},"featured_media":1519,"template":"","meta":{"neve_meta_sidebar":"","neve_meta_container":"","neve_meta_enable_content_width":"off","neve_meta_content_width":70,"neve_meta_title_alignment":"","neve_meta_author_avatar":"","neve_post_elements_order":"","neve_meta_disable_header":"","neve_meta_disable_footer":"","neve_meta_disable_title":"","_themeisle_gutenberg_block_has_review":false,"_joinchat":[]},"product_brand":[],"product_cat":[222,36],"product_tag":[],"class_list":{"0":"post-728","1":"product","2":"type-product","3":"status-publish","4":"has-post-thumbnail","6":"product_cat-diarias-lentillas-cosm-fantasia","7":"product_cat-lentillas-cosm-fantasia","9":"first","10":"instock","11":"taxable","12":"shipping-taxable","13":"purchasable","14":"product-type-simple"},"_links":{"self":[{"href":"https:\/\/www.optistar.es\/en\/wp-json\/wp\/v2\/product\/728","targetHints":{"allow":["GET"]}}],"collection":[{"href":"https:\/\/www.optistar.es\/en\/wp-json\/wp\/v2\/product"}],"about":[{"href":"https:\/\/www.optistar.es\/en\/wp-json\/wp\/v2\/types\/product"}],"wp:featuredmedia":[{"embeddable":true,"href":"https:\/\/www.optistar.es\/en\/wp-json\/wp\/v2\/media\/1519"}],"wp:attachment":[{"href":"https:\/\/www.optistar.es\/en\/wp-json\/wp\/v2\/media?parent=728"}],"wp:term":[{"taxonomy":"product_brand","embeddable":true,"href":"https:\/\/www.optistar.es\/en\/wp-json\/wp\/v2\/product_brand?post=728"},{"taxonomy":"product_cat","embeddable":true,"href":"https:\/\/www.optistar.es\/en\/wp-json\/wp\/v2\/product_cat?post=728"},{"taxonomy":"product_tag","embeddable":true,"href":"https:\/\/www.optistar.es\/en\/wp-json\/wp\/v2\/product_tag?post=728"}],"curies":[{"name":"wp","href":"https:\/\/api.w.org\/{rel}","templated":true}]}}