{"id":804,"date":"2020-08-25T18:12:29","date_gmt":"2020-08-25T16:12:29","guid":{"rendered":"https:\/\/www.optistar.es\/?post_type=product&#038;p=804"},"modified":"2020-08-25T18:13:21","modified_gmt":"2020-08-25T16:13:21","slug":"lens-55-hd","status":"publish","type":"product","link":"https:\/\/www.optistar.es\/en\/product\/lens-55-hd\/","title":{"rendered":"Lens 55 HD"},"content":{"rendered":"<p>Las lentes de contacto Lens 55 HD UV (High Definition) son v\u00e1lidas tanto para hipermetrop\u00eda como para miop\u00eda. La magn\u00edfica movilidad de esta lente de contacto, a\u00fan, con horas de uso garantiza una renovaci\u00f3n y bombeo lagrimal constante. Estas lentillas retienen el agua para evitar as\u00ed la sequedad ocular. Una l\u00e1grima fresca y renovada, ampl\u00eda las horas de confort y oxigenaci\u00f3n corneal.<\/p>\n<p>Las lentillas Lens 55 HD UV poseen protecci\u00f3n UVA y UVB que evitar\u00e1 problemas en c\u00f3rnea y aceleraci\u00f3n en la aparici\u00f3n de cataratas debido a la radiaci\u00f3n solar, tan perjudicial a d\u00eda de hoy.<\/p>\n<p>Dise\u00f1adas para un uso prolongado y diario, siendo su reposici\u00f3n mensual.<\/p>\n<button class=\"timify-button\" data-account-id=\"5f58bcb99d3fd111af93bfcd\">MAKE AN APPOINTMENT<\/button>","protected":false},"excerpt":{"rendered":"<p>LENTE MENSUAL REEMPLAZO MENSUAL CAJA DE 6 LENTES<\/p>","protected":false},"featured_media":806,"template":"","meta":{"neve_meta_sidebar":"","neve_meta_container":"","neve_meta_enable_content_width":"off","neve_meta_content_width":0,"neve_meta_title_alignment":"","neve_meta_author_avatar":"","neve_post_elements_order":"","neve_meta_disable_header":"","neve_meta_disable_footer":"","neve_meta_disable_title":"","_themeisle_gutenberg_block_has_review":false,"_joinchat":[]},"product_brand":[],"product_cat":[30,207],"product_tag":[],"class_list":{"0":"post-804","1":"product","2":"type-product","3":"status-publish","4":"has-post-thumbnail","6":"product_cat-lentillas","7":"product_cat-mensual","9":"first","10":"instock","11":"taxable","12":"shipping-taxable","13":"purchasable","14":"product-type-variable"},"_links":{"self":[{"href":"https:\/\/www.optistar.es\/en\/wp-json\/wp\/v2\/product\/804","targetHints":{"allow":["GET"]}}],"collection":[{"href":"https:\/\/www.optistar.es\/en\/wp-json\/wp\/v2\/product"}],"about":[{"href":"https:\/\/www.optistar.es\/en\/wp-json\/wp\/v2\/types\/product"}],"wp:featuredmedia":[{"embeddable":true,"href":"https:\/\/www.optistar.es\/en\/wp-json\/wp\/v2\/media\/806"}],"wp:attachment":[{"href":"https:\/\/www.optistar.es\/en\/wp-json\/wp\/v2\/media?parent=804"}],"wp:term":[{"taxonomy":"product_brand","embeddable":true,"href":"https:\/\/www.optistar.es\/en\/wp-json\/wp\/v2\/product_brand?post=804"},{"taxonomy":"product_cat","embeddable":true,"href":"https:\/\/www.optistar.es\/en\/wp-json\/wp\/v2\/product_cat?post=804"},{"taxonomy":"product_tag","embeddable":true,"href":"https:\/\/www.optistar.es\/en\/wp-json\/wp\/v2\/product_tag?post=804"}],"curies":[{"name":"wp","href":"https:\/\/api.w.org\/{rel}","templated":true}]}}