{"id":809,"date":"2020-08-25T18:36:22","date_gmt":"2020-08-25T16:36:22","guid":{"rendered":"https:\/\/www.optistar.es\/?post_type=product&#038;p=809"},"modified":"2020-08-25T18:36:23","modified_gmt":"2020-08-25T16:36:23","slug":"lens-55-silicone","status":"publish","type":"product","link":"https:\/\/www.optistar.es\/en\/product\/lens-55-silicone\/","title":{"rendered":"Lens 55 Silicone"},"content":{"rendered":"<p>Las lentes de contacto Lens 55 Silicone combinan una alta transmisibilidad al ox\u00edgeno con una alta hidrofilia, gracias a su tecnolog\u00eda, por lo que obtenemos un equilibrio entre la respiraci\u00f3n del ojo y su confort. Por un lado, al ser un material con una naturaleza humectable, se deshidrata menos y aporta mayor confort, y por otro lado mantiene la c\u00f3rnea oxigenada. Conseguimos un resultado excelente, el ojo bien oxigenado, por lo que estar\u00e1 menos irritado y m\u00e1s blanco al final del d\u00eda, con ambientes secos, se deshidrata menos por lo que no notar\u00e1s sequedad en el ojo, incluso con un porte de muchas horas, y su dise\u00f1o de bordes hace que cada parpadeo sea suave y c\u00f3modo.<\/p>\n<button class=\"timify-button\" data-account-id=\"5f58bcb99d3fd111af93bfcd\">MAKE AN APPOINTMENT<\/button>","protected":false},"excerpt":{"rendered":"<p>LENTES DE REEMPLAZO MENSUAL PACK DE 6 HIDROGEL DE SILICONA<\/p>","protected":false},"featured_media":810,"template":"","meta":{"neve_meta_sidebar":"","neve_meta_container":"","neve_meta_enable_content_width":"off","neve_meta_content_width":0,"neve_meta_title_alignment":"","neve_meta_author_avatar":"","neve_post_elements_order":"","neve_meta_disable_header":"","neve_meta_disable_footer":"","neve_meta_disable_title":"","_themeisle_gutenberg_block_has_review":false,"_joinchat":[]},"product_brand":[],"product_cat":[30,207],"product_tag":[],"class_list":{"0":"post-809","1":"product","2":"type-product","3":"status-publish","4":"has-post-thumbnail","6":"product_cat-lentillas","7":"product_cat-mensual","9":"first","10":"instock","11":"taxable","12":"shipping-taxable","13":"purchasable","14":"product-type-variable"},"_links":{"self":[{"href":"https:\/\/www.optistar.es\/en\/wp-json\/wp\/v2\/product\/809","targetHints":{"allow":["GET"]}}],"collection":[{"href":"https:\/\/www.optistar.es\/en\/wp-json\/wp\/v2\/product"}],"about":[{"href":"https:\/\/www.optistar.es\/en\/wp-json\/wp\/v2\/types\/product"}],"wp:featuredmedia":[{"embeddable":true,"href":"https:\/\/www.optistar.es\/en\/wp-json\/wp\/v2\/media\/810"}],"wp:attachment":[{"href":"https:\/\/www.optistar.es\/en\/wp-json\/wp\/v2\/media?parent=809"}],"wp:term":[{"taxonomy":"product_brand","embeddable":true,"href":"https:\/\/www.optistar.es\/en\/wp-json\/wp\/v2\/product_brand?post=809"},{"taxonomy":"product_cat","embeddable":true,"href":"https:\/\/www.optistar.es\/en\/wp-json\/wp\/v2\/product_cat?post=809"},{"taxonomy":"product_tag","embeddable":true,"href":"https:\/\/www.optistar.es\/en\/wp-json\/wp\/v2\/product_tag?post=809"}],"curies":[{"name":"wp","href":"https:\/\/api.w.org\/{rel}","templated":true}]}}