{"id":813,"date":"2020-08-25T19:27:40","date_gmt":"2020-08-25T17:27:40","guid":{"rendered":"https:\/\/www.optistar.es\/?post_type=product&#038;p=813"},"modified":"2020-08-25T19:49:50","modified_gmt":"2020-08-25T17:49:50","slug":"lens-55uv-toric-personalizada-biolens-toric-optistar","status":"publish","type":"product","link":"https:\/\/www.optistar.es\/en\/product\/lens-55uv-toric-personalizada-biolens-toric-optistar\/","title":{"rendered":"LENS 55UV TORIC (PERSONALIZADA BIOLENS TORIC OPTISTAR)"},"content":{"rendered":"<p>Las lentillas Lens 55 UV Toric poseen un magn\u00edfico dise\u00f1o de bordes redondeados y espesor constante y poco pronunciado, consiguiendo as\u00ed una mejor adaptaci\u00f3n en el ojo y evitando inestabilidad. Mantendr\u00e1s tus ojos hidratados hasta el final del d\u00eda por su alto contenido en agua 55%.<\/p>\n<p>Lens 55 UV Toric es v\u00e1lida para ojos sensibles a otros materiales. Es una de las lentes de contacto para astigmatismo de m\u00e1s f\u00e1cil adaptaci\u00f3n y mejor estabilizaci\u00f3n del mercado.<\/p>\n<button class=\"timify-button\" data-account-id=\"5f58bcb99d3fd111af93bfcd\">MAKE AN APPOINTMENT<\/button>","protected":false},"excerpt":{"rendered":"<p>LENTILLA DE REEMPLAZO MENSUAL PARA ASTIGMATISMO PACK DE 6 UNID<\/p>","protected":false},"featured_media":815,"template":"","meta":{"neve_meta_sidebar":"","neve_meta_container":"","neve_meta_enable_content_width":"off","neve_meta_content_width":0,"neve_meta_title_alignment":"","neve_meta_author_avatar":"","neve_post_elements_order":"","neve_meta_disable_header":"","neve_meta_disable_footer":"","neve_meta_disable_title":"","_themeisle_gutenberg_block_has_review":false,"_joinchat":[]},"product_brand":[],"product_cat":[30,207],"product_tag":[],"class_list":{"0":"post-813","1":"product","2":"type-product","3":"status-publish","4":"has-post-thumbnail","6":"product_cat-lentillas","7":"product_cat-mensual","8":"pa_cilindro-lentilla-diaria-0-75","9":"pa_cilindro-lentilla-diaria-1-25","10":"pa_cilindro-lentilla-diaria-1-75","11":"pa_cilindro-lentilla-diaria-2-25miopia","12":"pa_eje-lentilla-diaria-168","13":"pa_eje-lentilla-diaria-177","14":"pa_eje-lentilla-diaria-178","15":"pa_eje-lentilla-diaria-179","16":"pa_eje-lentilla-diaria-180","17":"pa_eje-lentilla-diaria-181","18":"pa_eje-lentilla-diaria-182","19":"pa_eje-lentilla-diaria-183","20":"pa_eje-lentilla-diaria-184","21":"pa_eje-lentilla-diaria-185","22":"pa_eje-lentilla-diaria-169","23":"pa_eje-lentilla-diaria-170","24":"pa_eje-lentilla-diaria-171","25":"pa_eje-lentilla-diaria-172","26":"pa_eje-lentilla-diaria-173","27":"pa_eje-lentilla-diaria-174","28":"pa_eje-lentilla-diaria-175","29":"pa_eje-lentilla-diaria-176","31":"first","32":"instock","33":"taxable","34":"shipping-taxable","35":"purchasable","36":"product-type-variable"},"_links":{"self":[{"href":"https:\/\/www.optistar.es\/en\/wp-json\/wp\/v2\/product\/813","targetHints":{"allow":["GET"]}}],"collection":[{"href":"https:\/\/www.optistar.es\/en\/wp-json\/wp\/v2\/product"}],"about":[{"href":"https:\/\/www.optistar.es\/en\/wp-json\/wp\/v2\/types\/product"}],"wp:featuredmedia":[{"embeddable":true,"href":"https:\/\/www.optistar.es\/en\/wp-json\/wp\/v2\/media\/815"}],"wp:attachment":[{"href":"https:\/\/www.optistar.es\/en\/wp-json\/wp\/v2\/media?parent=813"}],"wp:term":[{"taxonomy":"product_brand","embeddable":true,"href":"https:\/\/www.optistar.es\/en\/wp-json\/wp\/v2\/product_brand?post=813"},{"taxonomy":"product_cat","embeddable":true,"href":"https:\/\/www.optistar.es\/en\/wp-json\/wp\/v2\/product_cat?post=813"},{"taxonomy":"product_tag","embeddable":true,"href":"https:\/\/www.optistar.es\/en\/wp-json\/wp\/v2\/product_tag?post=813"}],"curies":[{"name":"wp","href":"https:\/\/api.w.org\/{rel}","templated":true}]}}