{"id":817,"date":"2020-08-25T19:44:56","date_gmt":"2020-08-25T17:44:56","guid":{"rendered":"https:\/\/www.optistar.es\/?post_type=product&#038;p=817"},"modified":"2020-08-25T19:57:48","modified_gmt":"2020-08-25T17:57:48","slug":"lens-55-1-day","status":"publish","type":"product","link":"https:\/\/www.optistar.es\/en\/product\/lens-55-1-day\/","title":{"rendered":"LENS 55 1 DAY"},"content":{"rendered":"<p>Las lentillas diarias Lens 55 1 Day son una nueva versi\u00f3n de la Lens 55 UV. Est\u00e1n dise\u00f1adas para personas muy din\u00e1micas y con muchas horas de uso. Estas lentillas, disponen de un sistema de hidrataci\u00f3n que evita que el ojo se reseque y al ser un hidrogel, permite gran paso de ox\u00edgeno a la c\u00f3rnea. Adem\u00e1s, tiene todas las ventajas de las lentes de contacto diarias, te la pones, la usas y las tiras. Indicadas para personas que tienen los ojos muy secos o que quieren llevar las lentillas puestas durante mucho tiempo.<br \/>\nLas lentillas diarias son muy c\u00f3modas ya que te las pones y te olvidas, sin l\u00edquidos de mantenimiento ni estuches. Son muy sanas, ya que al estrenarlas cada d\u00eda, no acumulan dep\u00f3sitos. Son la opci\u00f3n m\u00e1s sana si las usas todos los d\u00edas, aunque tambi\u00e9n son ideales para usar dos-tres d\u00edas a la semana como jugar un partido, una cena con amigos o una noche de cine.<\/p>\n<button class=\"timify-button\" data-account-id=\"5f58bcb99d3fd111af93bfcd\">MAKE AN APPOINTMENT<\/button>","protected":false},"excerpt":{"rendered":"<p>LENTILLA DIARIA SIN L\u00cdQUIDOS DE MANTENIMIENTO PACK DE 30 UNID \u00d3 PACK DE 90 UNID<\/p>","protected":false},"featured_media":819,"template":"","meta":{"neve_meta_sidebar":"","neve_meta_container":"","neve_meta_enable_content_width":"off","neve_meta_content_width":0,"neve_meta_title_alignment":"","neve_meta_author_avatar":"","neve_post_elements_order":"","neve_meta_disable_header":"","neve_meta_disable_footer":"","neve_meta_disable_title":"","_themeisle_gutenberg_block_has_review":false,"_joinchat":[]},"product_brand":[],"product_cat":[116,30],"product_tag":[],"class_list":{"0":"post-817","1":"product","2":"type-product","3":"status-publish","4":"has-post-thumbnail","6":"product_cat-diarias","7":"product_cat-lentillas","9":"first","10":"instock","11":"taxable","12":"shipping-taxable","13":"purchasable","14":"product-type-variable"},"_links":{"self":[{"href":"https:\/\/www.optistar.es\/en\/wp-json\/wp\/v2\/product\/817","targetHints":{"allow":["GET"]}}],"collection":[{"href":"https:\/\/www.optistar.es\/en\/wp-json\/wp\/v2\/product"}],"about":[{"href":"https:\/\/www.optistar.es\/en\/wp-json\/wp\/v2\/types\/product"}],"wp:featuredmedia":[{"embeddable":true,"href":"https:\/\/www.optistar.es\/en\/wp-json\/wp\/v2\/media\/819"}],"wp:attachment":[{"href":"https:\/\/www.optistar.es\/en\/wp-json\/wp\/v2\/media?parent=817"}],"wp:term":[{"taxonomy":"product_brand","embeddable":true,"href":"https:\/\/www.optistar.es\/en\/wp-json\/wp\/v2\/product_brand?post=817"},{"taxonomy":"product_cat","embeddable":true,"href":"https:\/\/www.optistar.es\/en\/wp-json\/wp\/v2\/product_cat?post=817"},{"taxonomy":"product_tag","embeddable":true,"href":"https:\/\/www.optistar.es\/en\/wp-json\/wp\/v2\/product_tag?post=817"}],"curies":[{"name":"wp","href":"https:\/\/api.w.org\/{rel}","templated":true}]}}