{"id":822,"date":"2020-08-25T20:20:18","date_gmt":"2020-08-25T18:20:18","guid":{"rendered":"https:\/\/www.optistar.es\/?post_type=product&#038;p=822"},"modified":"2020-08-25T20:20:19","modified_gmt":"2020-08-25T18:20:19","slug":"lens-55-uv-1-day-silicone","status":"publish","type":"product","link":"https:\/\/www.optistar.es\/en\/product\/lens-55-uv-1-day-silicone\/","title":{"rendered":"LENS 55 UV 1 DAY SILICONE"},"content":{"rendered":"<p>La\u00a0<strong>Lens 55 1 Day Silicone<\/strong>\u00a0es la nueva lente diaria de Servilens Fit &amp; Cover, al ser de Hidrogel Silicona proporciona un paso de Ox\u00edgeno entre 4 y 6 veces superior al de una lente diaria de Hidrogel normal. Gracias a su dise\u00f1o asf\u00e9rico corrige leves astigmatismos adem\u00e1s de proporcionar una mejor agudeza visual.<\/p>\n<p>Su novedoso formato de 15 lentillas por caja resulta ideal para los usuarios que quieren usar lentes en muy pocas ocasiones, a la vez que necesitan que sea un producto de altas prestaciones.<\/p>\n<button class=\"timify-button\" data-account-id=\"5f58bcb99d3fd111af93bfcd\">MAKE AN APPOINTMENT<\/button>","protected":false},"excerpt":{"rendered":"<p>La\u00a0Lens 55 1 Day Silicone\u00a0es la nueva lente diaria de Servilens Fit &amp; Cover, al ser de Hidrogel Silicona proporciona un paso de Ox\u00edgeno entre 4 y 6 veces superior al de una lente diaria de Hidrogel normal. Gracias a su dise\u00f1o asf\u00e9rico corrige leves astigmatismos adem\u00e1s de proporcionar una mejor agudeza visual. Su novedoso&hellip;&nbsp;<a href=\"https:\/\/www.optistar.es\/en\/product\/lens-55-uv-1-day-silicone\/\" rel=\"bookmark\">Read More &raquo;<span class=\"screen-reader-text\">LENS 55 UV 1 DAY SILICONE<\/span><\/a><\/p>","protected":false},"featured_media":824,"template":"","meta":{"neve_meta_sidebar":"","neve_meta_container":"","neve_meta_enable_content_width":"off","neve_meta_content_width":0,"neve_meta_title_alignment":"","neve_meta_author_avatar":"","neve_post_elements_order":"","neve_meta_disable_header":"","neve_meta_disable_footer":"","neve_meta_disable_title":"","_themeisle_gutenberg_block_has_review":false,"_joinchat":[]},"product_brand":[],"product_cat":[116,30],"product_tag":[],"class_list":{"0":"post-822","1":"product","2":"type-product","3":"status-publish","4":"has-post-thumbnail","6":"product_cat-diarias","7":"product_cat-lentillas","9":"first","10":"instock","11":"taxable","12":"shipping-taxable","13":"purchasable","14":"product-type-variable"},"_links":{"self":[{"href":"https:\/\/www.optistar.es\/en\/wp-json\/wp\/v2\/product\/822","targetHints":{"allow":["GET"]}}],"collection":[{"href":"https:\/\/www.optistar.es\/en\/wp-json\/wp\/v2\/product"}],"about":[{"href":"https:\/\/www.optistar.es\/en\/wp-json\/wp\/v2\/types\/product"}],"wp:featuredmedia":[{"embeddable":true,"href":"https:\/\/www.optistar.es\/en\/wp-json\/wp\/v2\/media\/824"}],"wp:attachment":[{"href":"https:\/\/www.optistar.es\/en\/wp-json\/wp\/v2\/media?parent=822"}],"wp:term":[{"taxonomy":"product_brand","embeddable":true,"href":"https:\/\/www.optistar.es\/en\/wp-json\/wp\/v2\/product_brand?post=822"},{"taxonomy":"product_cat","embeddable":true,"href":"https:\/\/www.optistar.es\/en\/wp-json\/wp\/v2\/product_cat?post=822"},{"taxonomy":"product_tag","embeddable":true,"href":"https:\/\/www.optistar.es\/en\/wp-json\/wp\/v2\/product_tag?post=822"}],"curies":[{"name":"wp","href":"https:\/\/api.w.org\/{rel}","templated":true}]}}